{"id":3036,"date":"2024-09-30T07:22:16","date_gmt":"2024-09-30T07:22:16","guid":{"rendered":"http:\/\/ncaade.se.loopiadns.com\/?post_type=product&#038;p=3036"},"modified":"2024-12-16T11:53:46","modified_gmt":"2024-12-16T11:53:46","slug":"qs5","status":"publish","type":"product","link":"https:\/\/ncaade.se\/sv\/produkt\/qs5\/","title":{"rendered":"QS5"},"content":{"rendered":"<p>Kompromissl\u00f6s s\u00e4kerhet:<\/p>\n<p>Precis som v\u00e5ra st\u00f6rre sk\u00e5p prioriterar QS5 skydd mot yttre p\u00e5verkan f\u00f6r dina IT-tillg\u00e5ngar. Robust konstruktion, st\u00f6td\u00e4mpande stoppning och en s\u00e4ker l\u00e5smekanism s\u00e4kerst\u00e4ller att din utrustning f\u00f6rblir skyddad fr\u00e5n skador under transporten. QS5 \u00e4r utformad f\u00f6r bekymmersfri mobilitet. Med l\u00e4ttrullande hjul och ergonomiska handtag \u00e4r det enkelt att transportera sm\u00e5skalig IT-utrustning. Oavsett om du \u00e4r ett IT-proffs p\u00e5 spr\u00e5ng eller bara beh\u00f6ver flytta iPads inom din organisation \u00e4r QS5 din p\u00e5litliga f\u00f6ljeslagare!<\/p>\n<p id=\"tech\">\n<h3>Tekniska specifikationer<\/h3>\n<ul>\n<li><strong>Total h\u00f6jd inklusive hjul:<\/strong> 1010mm<\/li>\n<li><strong>Vikt:<\/strong> 65 kg<\/li>\n<li><strong>Yttre m\u00e5tt (H\u00f6jd x Bredd x Djup):<\/strong> 800x1065x600mm<\/li>\n<li><strong>Inv\u00e4ndiga m\u00e5tt (Bredd x Djup):<\/strong> 750x550mm<\/li>\n<li><strong>L\u00e5sbara d\u00f6rrar (med h\u00e4ngl\u00e5s):<\/strong> JA<\/li>\n<li><strong>H\u00f6jd hyllfack 3 (\u00f6verst):<\/strong> 765mm<\/li>\n<li><strong>H\u00f6jd hyllfack 2 (mellanliggande):<\/strong> 490mm<\/li>\n<li><strong>H\u00f6jd hyllfack 1 (nedre):<\/strong> 234mm<\/li>\n<li><strong>D\u00f6rr max. \u00f6ppningsvinkel i grader:<\/strong> 160<\/li>\n<li><strong>St\u00e5lramar:<\/strong> 25x25x1,5mm<\/li>\n<li><strong>Pl\u00e5tchassi:<\/strong> 0,7mm\n<\/li>\n<\/ul>\n<h3>Ladda ner produktblad\u00a0 <img loading=\"lazy\" decoding=\"async\" class=\"size-full wp-image-2162 alignnone\" src=\"https:\/\/ncaade.se\/wp-content\/uploads\/2024\/09\/pdf-icon.png\" alt=\"\" width=\"22\" height=\"25\" \/><\/h3>\n<ul>\n<li><a href=\"https:\/\/ncaade.se\/wp-content\/uploads\/2024\/12\/QS5-Sv.pdf\" target=\"_blank\" rel=\"noopener\">QS5 (Swedish) <\/a><\/li>\n<li><a href=\"https:\/\/ncaade.se\/wp-content\/uploads\/2024\/12\/QS5-Eng.pdf\" target=\"_blank\" rel=\"noopener\">QS5 (English)<\/a><\/li>\n<\/ul>\n","protected":false},"excerpt":{"rendered":"<p>N\u00e4r vi designade QS5 hade vi iPads, surfplattor och liknande sm\u00e5skalig IT-utrustning i \u00e5tanke. QS5 \u00e4r bara ungef\u00e4r en fj\u00e4rdedel av en fullskalig QS1 med en bas som m\u00e4ter endast 80&#215;60 cm precis i enlighet med en halvpall. Den har flera anpassningsbara hyllor som \u00e4ven \u00e4r uttagbara f\u00f6r att s\u00e4kerst\u00e4lla en perfekt transportf\u00f6rvaring av dina mindre produkter. Dina enheter kommer att vara skyddade fr\u00e5n p\u00e5frestningarna under transporten, oavsett om du flyttar dem \u00f6ver kontoret eller \u00f6ver staden.<\/p>\n","protected":false},"featured_media":3305,"template":"","meta":{"_et_pb_use_builder":"","_et_pb_old_content":"","_et_gb_content_width":""},"product_brand":[],"product_cat":[54],"product_tag":[],"class_list":{"0":"post-3036","1":"product","2":"type-product","3":"status-publish","4":"has-post-thumbnail","6":"product_cat-q-pod","8":"first","9":"instock","10":"shipping-taxable","11":"product-type-simple"},"_links":{"self":[{"href":"https:\/\/ncaade.se\/sv\/wp-json\/wp\/v2\/product\/3036","targetHints":{"allow":["GET"]}}],"collection":[{"href":"https:\/\/ncaade.se\/sv\/wp-json\/wp\/v2\/product"}],"about":[{"href":"https:\/\/ncaade.se\/sv\/wp-json\/wp\/v2\/types\/product"}],"wp:featuredmedia":[{"embeddable":true,"href":"https:\/\/ncaade.se\/sv\/wp-json\/wp\/v2\/media\/3305"}],"wp:attachment":[{"href":"https:\/\/ncaade.se\/sv\/wp-json\/wp\/v2\/media?parent=3036"}],"wp:term":[{"taxonomy":"product_brand","embeddable":true,"href":"https:\/\/ncaade.se\/sv\/wp-json\/wp\/v2\/product_brand?post=3036"},{"taxonomy":"product_cat","embeddable":true,"href":"https:\/\/ncaade.se\/sv\/wp-json\/wp\/v2\/product_cat?post=3036"},{"taxonomy":"product_tag","embeddable":true,"href":"https:\/\/ncaade.se\/sv\/wp-json\/wp\/v2\/product_tag?post=3036"}],"curies":[{"name":"wp","href":"https:\/\/api.w.org\/{rel}","templated":true}]}}