{"id":3035,"date":"2024-09-30T07:22:02","date_gmt":"2024-09-30T07:22:02","guid":{"rendered":"http:\/\/ncaade.se.loopiadns.com\/?post_type=product&#038;p=3035"},"modified":"2024-12-16T11:53:16","modified_gmt":"2024-12-16T11:53:16","slug":"qs4","status":"publish","type":"product","link":"https:\/\/ncaade.se\/sv\/produkt\/qs4\/","title":{"rendered":"QS4"},"content":{"rendered":"<p>S\u00e4kerhet skr\u00e4ddarsydd efter dina behov<\/p>\n<p>Utformad f\u00f6r att rymma iPads, surfplattor och l\u00e4ttare IT-utrustning, erbjuder QS4 s\u00e4ker lagring och skydd f\u00f6r dina enheter. Dess interi\u00f6r \u00e4r anpassad med hyllor efter dina m\u00e5tt och \u00e4r f\u00f6rsedd med vadderad stoppning f\u00f6r att h\u00e5lla din utrustning trygg under transport.<\/p>\n<p>QS4 \u00e4r en platsbesparande l\u00f6sning som smidigt passar in i milj\u00f6er d\u00e4r ett fullstort sk\u00e5p kan vara besv\u00e4rande. Anpassning \u00e4r hj\u00e4rtat i QS4:s design. Vi f\u00f6rst\u00e5r att varje IT-upps\u00e4ttning \u00e4r unik och QS4 ger dig flexibilitet att konfigurera sk\u00e5pet s\u00e5 att det matchar dina specifika krav.<\/p>\n<p id=\"tech\">\n<h3>Tekniska specifikationer<\/h3>\n<ul>\n<li><strong>Total h\u00f6jd inklusive hjul:<\/strong> 1060mm<\/li>\n<li><strong>Vikt:<\/strong> 45 kg<\/li>\n<li><strong>Yttre m\u00e5tt (H\u00f6jd x Bredd x Djup):<\/strong> 1200x850x600mm<\/li>\n<li><strong>Inv\u00e4ndiga m\u00e5tt (Bredd x Djup):<\/strong> 1150x550mm<\/li>\n<li><strong>L\u00e5sbara d\u00f6rrar (med h\u00e4ngl\u00e5s):<\/strong> JA<\/li>\n<p><img loading=\"lazy\" decoding=\"async\" src=\"https:\/\/ncaade.se\/wp-content\/uploads\/2024\/04\/blank-1.png\" alt=\"\" width=\"18\" height=\"18\" class=\"alignnone size-full wp-image-3270\" srcset=\"https:\/\/ncaade.se\/wp-content\/uploads\/2024\/04\/blank-1.png 18w, https:\/\/ncaade.se\/wp-content\/uploads\/2024\/04\/blank-1-12x12.png 12w\" sizes=\"(max-width: 18px) 100vw, 18px\" \/><br \/>\n(if the cabinet is equipped with 3 shelves)<\/p>\n<li><strong>H\u00f6jd hyllfack 3 (\u00f6verst):<\/strong> 250mm<\/li>\n<li><strong>H\u00f6jd hyllfack 2 (mellanliggande):<\/strong> 250mm<\/li>\n<li><strong>H\u00f6jd hyllfack 1 (nedre):<\/strong> 250mm<\/li>\n<p><p>\n( if the cabinet is equipped with 2 shelves )<\/p>\n<li><strong>H\u00f6jd hyllfack 2 (\u00f6verst):<\/strong>387mm<\/li>\n<li><strong>H\u00f6jd hyllfack 1 (nedre):<\/strong> 387mm<\/li>\n<p><img loading=\"lazy\" decoding=\"async\" src=\"https:\/\/ncaade.se\/wp-content\/uploads\/2024\/04\/blank-1.png\" alt=\"\" width=\"18\" height=\"18\" class=\"alignnone size-full wp-image-3270\" srcset=\"https:\/\/ncaade.se\/wp-content\/uploads\/2024\/04\/blank-1.png 18w, https:\/\/ncaade.se\/wp-content\/uploads\/2024\/04\/blank-1-12x12.png 12w\" sizes=\"(max-width: 18px) 100vw, 18px\" \/><\/p>\n<li><strong>D\u00f6rr max. \u00f6ppningsvinkel i grader:<\/strong> 160<\/li>\n<li><strong>St\u00e5lramar:<\/strong> 25x25x1,5mm<\/li>\n<li><strong>Pl\u00e5tchassi:<\/strong> 0,7mm\n<\/li>\n<\/ul>\n<h3>Ladda ner produktblad\u00a0 <img loading=\"lazy\" decoding=\"async\" class=\"size-full wp-image-2162 alignnone\" src=\"https:\/\/ncaade.se\/wp-content\/uploads\/2024\/09\/pdf-icon.png\" alt=\"\" width=\"22\" height=\"25\" \/><\/h3>\n<ul>\n<li><a href=\"https:\/\/ncaade.se\/wp-content\/uploads\/2024\/12\/QS4-Sv.pdf\" target=\"_blank\" rel=\"noopener\">QS4 (Swedish) <\/a><\/li>\n<li><a href=\"https:\/\/ncaade.se\/wp-content\/uploads\/2024\/12\/QS4-Eng.pdf\" target=\"_blank\" rel=\"noopener\">QS4 (English)<\/a><\/li>\n<\/ul>\n","protected":false},"excerpt":{"rendered":"<p>Vi \u00e4r glada att introducera QS4, ett smidigt och l\u00e4tthanterligt sk\u00e5p anpassat f\u00f6r mindre IT-utrustning s\u00e5som exempelvis iPads och surfplattor. Med en h\u00f6jd p\u00e5 105 cm beh\u00e5ller QS4 samma r\u00f6rlighet som dess f\u00f6reg\u00e5ngare QS2. Detta g\u00f6r den till den perfekta l\u00f6sningen f\u00f6r kompakta IT-upps\u00e4ttningar. Dess f\u00f6renklade konstruktion minskar vikten utan att kompromissa med den strukturella integriteten.<\/p>\n<p>QS4 &#8230; \u201cKompakt r\u00f6rlighet f\u00f6r dina l\u00e4ttare IT-behov\u201d.<\/p>\n","protected":false},"featured_media":3304,"template":"","meta":{"_et_pb_use_builder":"","_et_pb_old_content":"","_et_gb_content_width":""},"product_brand":[],"product_cat":[54],"product_tag":[],"class_list":{"0":"post-3035","1":"product","2":"type-product","3":"status-publish","4":"has-post-thumbnail","6":"product_cat-q-pod","8":"first","9":"instock","10":"shipping-taxable","11":"product-type-simple"},"_links":{"self":[{"href":"https:\/\/ncaade.se\/sv\/wp-json\/wp\/v2\/product\/3035","targetHints":{"allow":["GET"]}}],"collection":[{"href":"https:\/\/ncaade.se\/sv\/wp-json\/wp\/v2\/product"}],"about":[{"href":"https:\/\/ncaade.se\/sv\/wp-json\/wp\/v2\/types\/product"}],"wp:featuredmedia":[{"embeddable":true,"href":"https:\/\/ncaade.se\/sv\/wp-json\/wp\/v2\/media\/3304"}],"wp:attachment":[{"href":"https:\/\/ncaade.se\/sv\/wp-json\/wp\/v2\/media?parent=3035"}],"wp:term":[{"taxonomy":"product_brand","embeddable":true,"href":"https:\/\/ncaade.se\/sv\/wp-json\/wp\/v2\/product_brand?post=3035"},{"taxonomy":"product_cat","embeddable":true,"href":"https:\/\/ncaade.se\/sv\/wp-json\/wp\/v2\/product_cat?post=3035"},{"taxonomy":"product_tag","embeddable":true,"href":"https:\/\/ncaade.se\/sv\/wp-json\/wp\/v2\/product_tag?post=3035"}],"curies":[{"name":"wp","href":"https:\/\/api.w.org\/{rel}","templated":true}]}}