{"id":3033,"date":"2024-09-30T07:21:25","date_gmt":"2024-09-30T07:21:25","guid":{"rendered":"http:\/\/ncaade.se.loopiadns.com\/?post_type=product&#038;p=3033"},"modified":"2024-12-16T11:52:23","modified_gmt":"2024-12-16T11:52:23","slug":"qs3","status":"publish","type":"product","link":"https:\/\/ncaade.se\/sv\/produkt\/qs3\/","title":{"rendered":"QS3"},"content":{"rendered":"<p>Vi f\u00f6rst\u00e5r att varje IT-upps\u00e4ttning \u00e4r unik! QS3 \u00e4r fullt anpassningsbar vilket g\u00f6r det m\u00f6jligt f\u00f6r dig att konfigurera den enligt dina specifika behov. Oavsett om du flyttar station\u00e4ra datorer mellan kontorsplatser eller st\u00e4ller upp f\u00f6r en h\u00e4ndelse, anpassar sig QS3 till dina behov utan anstr\u00e4ngning.<\/p>\n<p>QS3 \u00e4r mer \u00e4n bara ett sk\u00e5p, det \u00e4r en l\u00f6sning som effektiviserar din IT-logistik. Den erbjuder bekv\u00e4mlighet, tillg\u00e4nglighet och s\u00e4kerhet som aldrig tidigare, vilket s\u00e4kerst\u00e4ller att din IT-utrustning kommer fram i perfekt skick!<\/p>\n<p>Skyddande egenskaper \u00e4r av st\u00f6rsta vikt n\u00e4r man transporterar v\u00e4rdefulla IT-tillg\u00e5ngar. D\u00e4rf\u00f6r levereras QS3 med robusta l\u00e5smekanismer (h\u00e4ngl\u00e5s ing\u00e5r) f\u00f6r att skydda din utrustning under transporten. Med QS3 kan du lita p\u00e5 att dina teknikinvesteringar skyddas p\u00e5 varje steg p\u00e5 v\u00e4gen. P\u00e5 grund av milj\u00f6n och den generellt \u00f6mt\u00e5liga naturen hos l\u00e5smekanismer har vi valt att beh\u00e5lla anv\u00e4ndningen av h\u00e4ngl\u00e5s f\u00f6r enklare byte vid behov.<\/p>\n<h3>O\u00f6vertr\u00e4ffad tillg\u00e4nglighet<\/h3>\n<p>QS3 \u00e4r t\u00e4nkt att till\u00e5ta extra tillg\u00e4nglighet. Med en fr\u00e4mre d\u00f6rr som kan tas bort helt och en annan som \u00f6ppnas upp\u00e5t har \u00e5tkomsten till din IT-utrustning aldrig varit enklare!<\/p>\n<p>Gl\u00f6m allt strul f\u00f6r att n\u00e5 baksidan av sk\u00e5pet eller med att hantera komponenter i tr\u00e5nga utrymmen&#8230; QS3:s genomt\u00e4nkta design s\u00e4kerst\u00e4ller enkel tillg\u00e4nglighet \u00e4ven av de bakre produkterna. En av de framtr\u00e4dande funktionerna hos QS3 \u00e4r det gener\u00f6sa<br \/>\nutrymmet mellan golvet och hyllan. Detta extra utrymme g\u00f6r det m\u00f6jligt att f\u00f6rvara station\u00e4ra datorer och deras tillbeh\u00f6r med l\u00e4tthet.<\/p>\n<p>S\u00e4g adj\u00f6 till tr\u00e5nga utrymmen och trassliga kablar &#8211; QS3 \u00e4r utformad f\u00f6r organiserad effektivitet.<\/p>\n<p id=\"tech\">\n<h3>Tekniska specifikationer<\/h3>\n<ul>\n<li><strong>Total h\u00f6jd inklusive hjul:<\/strong> 1180mm<\/li>\n<li><strong>Vikt:<\/strong> 50 kg<\/li>\n<li><strong>Yttre m\u00e5tt (H\u00f6jd x Bredd x Djup):<\/strong> 1000x800x600mm<\/li>\n<li><strong>Inv\u00e4ndiga m\u00e5tt (Bredd x Djup):<\/strong> 1150x550mm<\/li>\n<li><strong>L\u00e5sbara d\u00f6rrar (med h\u00e4ngl\u00e5s):<\/strong> JA<\/li>\n<li><strong>H\u00f6jd hyllfack 2 (mellanliggande):<\/strong> 225mm<\/li>\n<li><strong>H\u00f6jd hyllfack 1 (nedre):<\/strong> 700mm<\/li>\n<li><strong>D\u00f6rr max. \u00f6ppningsvinkel i grader:<\/strong> 130<\/li>\n<li><strong>St\u00e5lramar:<\/strong> 25x25x1,5mm<\/li>\n<li><strong>Pl\u00e5tchassi:<\/strong> 0,7mm\n<\/li>\n<\/ul>\n<h3>Ladda ner produktblad\u00a0 <img loading=\"lazy\" decoding=\"async\" class=\"size-full wp-image-2162 alignnone\" src=\"https:\/\/ncaade.se\/wp-content\/uploads\/2024\/09\/pdf-icon.png\" alt=\"\" width=\"22\" height=\"25\" \/><\/h3>\n<ul>\n<li><a href=\"https:\/\/ncaade.se\/wp-content\/uploads\/2024\/12\/QS3-Sv.pdf\" target=\"_blank\" rel=\"noopener\">QS3 (Swedish) <\/a><\/li>\n<li><a href=\"https:\/\/ncaade.se\/wp-content\/uploads\/2024\/12\/QS3-Eng.pdf\" target=\"_blank\" rel=\"noopener\">QS3 (English)<\/a><\/li>\n<\/ul>\n","protected":false},"excerpt":{"rendered":"<p>Vi \u00e4r glada att presentera QS3, en banbrytare inom transport av IT-utrustning. Med en h\u00f6jd p\u00e5 1000 mm kombinerar QS3 innovation, m\u00e5ngsidighet och s\u00e4kerhet i en enda enhet. Detta sk\u00e5p \u00e4r utformat f\u00f6r de unika kraven hos blandad IT-utrustning, inklusive station\u00e4ra datorer, tillh\u00f6rande kablar, tangentbord, str\u00f6madaptrar och medf\u00f6ljande sk\u00e4rmar.<\/p>\n","protected":false},"featured_media":3309,"template":"","meta":{"_et_pb_use_builder":"","_et_pb_old_content":"","_et_gb_content_width":""},"product_brand":[],"product_cat":[54],"product_tag":[],"class_list":{"0":"post-3033","1":"product","2":"type-product","3":"status-publish","4":"has-post-thumbnail","6":"product_cat-q-pod","8":"first","9":"instock","10":"shipping-taxable","11":"product-type-simple"},"_links":{"self":[{"href":"https:\/\/ncaade.se\/sv\/wp-json\/wp\/v2\/product\/3033","targetHints":{"allow":["GET"]}}],"collection":[{"href":"https:\/\/ncaade.se\/sv\/wp-json\/wp\/v2\/product"}],"about":[{"href":"https:\/\/ncaade.se\/sv\/wp-json\/wp\/v2\/types\/product"}],"wp:featuredmedia":[{"embeddable":true,"href":"https:\/\/ncaade.se\/sv\/wp-json\/wp\/v2\/media\/3309"}],"wp:attachment":[{"href":"https:\/\/ncaade.se\/sv\/wp-json\/wp\/v2\/media?parent=3033"}],"wp:term":[{"taxonomy":"product_brand","embeddable":true,"href":"https:\/\/ncaade.se\/sv\/wp-json\/wp\/v2\/product_brand?post=3033"},{"taxonomy":"product_cat","embeddable":true,"href":"https:\/\/ncaade.se\/sv\/wp-json\/wp\/v2\/product_cat?post=3033"},{"taxonomy":"product_tag","embeddable":true,"href":"https:\/\/ncaade.se\/sv\/wp-json\/wp\/v2\/product_tag?post=3033"}],"curies":[{"name":"wp","href":"https:\/\/api.w.org\/{rel}","templated":true}]}}