{"id":2990,"date":"2024-09-23T09:20:29","date_gmt":"2024-09-23T09:20:29","guid":{"rendered":"http:\/\/ncaade.se.loopiadns.com\/?post_type=product&#038;p=2990"},"modified":"2024-12-02T07:40:05","modified_gmt":"2024-12-02T07:40:05","slug":"qs-max-34","status":"publish","type":"product","link":"https:\/\/ncaade.se\/sv\/produkt\/qs-max-34\/","title":{"rendered":"QS Max 34"},"content":{"rendered":"<p>Baserad p\u00e5 framg\u00e5ngen med QS1 \u00e4r vi nu glada att introducera QS Max34. Detta sk\u00e5p tar kapacitet till n\u00e4sta niv\u00e5 och \u00e4r skr\u00e4ddarsydda f\u00f6r att tillgodose behovet av att frakta st\u00f6rre sk\u00e4rmar. QS1 Max34 har ett djup p\u00e5 hela 830mm!<\/p>\n<p>Detta m\u00f6jligg\u00f6r att \u00e4ven de stora sk\u00e4rmarna 27\u201d och 34\u201d kan skjutas in i sk\u00e5pet med monitorns sida in mot sk\u00e5pets bakre v\u00e4gg. Utrymmet l\u00e4mpar sig v\u00e4l \u00e4ven f\u00f6r st\u00f6rre IT-komponenter, servrar och specialutrustning. Denna ut\u00f6kade kapacitet s\u00e4kerst\u00e4ller att hela din IT-infrastruktur kan transporteras s\u00e4kert i ett enda sk\u00e5p, vilket f\u00f6renklar din logistik och minskar behovet av olika lastb\u00e4rare.<\/p>\n<p id=\"tech\">\n<h3>Tekniska specifikationer<\/h3>\n<p>Kommer snart.<\/p>\n","protected":false},"excerpt":{"rendered":"<p>Baserad p\u00e5 framg\u00e5ngen med QS1 \u00e4r vi nu glada att introducera QS Max34. Detta sk\u00e5p tar kapacitet till n\u00e4sta niv\u00e5 och \u00e4r skr\u00e4ddarsydda f\u00f6r att tillgodose behovet av att frakta st\u00f6rre sk\u00e4rmar. QS1 Max34 har ett djup p\u00e5 hela 830mm!<\/p>\n","protected":false},"featured_media":3052,"template":"","meta":{"_et_pb_use_builder":"","_et_pb_old_content":"","_et_gb_content_width":""},"product_brand":[],"product_cat":[54],"product_tag":[],"class_list":{"0":"post-2990","1":"product","2":"type-product","3":"status-publish","4":"has-post-thumbnail","6":"product_cat-q-pod","8":"first","9":"instock","10":"shipping-taxable","11":"product-type-simple"},"_links":{"self":[{"href":"https:\/\/ncaade.se\/sv\/wp-json\/wp\/v2\/product\/2990","targetHints":{"allow":["GET"]}}],"collection":[{"href":"https:\/\/ncaade.se\/sv\/wp-json\/wp\/v2\/product"}],"about":[{"href":"https:\/\/ncaade.se\/sv\/wp-json\/wp\/v2\/types\/product"}],"wp:featuredmedia":[{"embeddable":true,"href":"https:\/\/ncaade.se\/sv\/wp-json\/wp\/v2\/media\/3052"}],"wp:attachment":[{"href":"https:\/\/ncaade.se\/sv\/wp-json\/wp\/v2\/media?parent=2990"}],"wp:term":[{"taxonomy":"product_brand","embeddable":true,"href":"https:\/\/ncaade.se\/sv\/wp-json\/wp\/v2\/product_brand?post=2990"},{"taxonomy":"product_cat","embeddable":true,"href":"https:\/\/ncaade.se\/sv\/wp-json\/wp\/v2\/product_cat?post=2990"},{"taxonomy":"product_tag","embeddable":true,"href":"https:\/\/ncaade.se\/sv\/wp-json\/wp\/v2\/product_tag?post=2990"}],"curies":[{"name":"wp","href":"https:\/\/api.w.org\/{rel}","templated":true}]}}