{"id":2109,"date":"2024-04-05T04:13:40","date_gmt":"2024-04-05T04:13:40","guid":{"rendered":"http:\/\/ncaade.se.loopiadns.com\/?post_type=product&#038;p=2109"},"modified":"2024-12-02T07:33:24","modified_gmt":"2024-12-02T07:33:24","slug":"qs1","status":"publish","type":"product","link":"https:\/\/ncaade.se\/en\/product\/qs1\/","title":{"rendered":"QS1"},"content":{"rendered":"<p>[et_pb_section fb_built=&#8221;1&#8243; _builder_version=&#8221;4.16&#8243; custom_padding=&#8221;0px||||false|false&#8221; global_colors_info=&#8221;{}&#8221;][et_pb_row _builder_version=&#8221;4.16&#8243; background_size=&#8221;initial&#8221; background_position=&#8221;top_left&#8221; background_repeat=&#8221;repeat&#8221; width=&#8221;100%&#8221; custom_padding=&#8221;0px||0px||false|false&#8221; global_colors_info=&#8221;{}&#8221;][et_pb_column type=&#8221;4_4&#8243; _builder_version=&#8221;4.16&#8243; custom_padding=&#8221;|||&#8221; global_colors_info=&#8221;{}&#8221; custom_padding__hover=&#8221;|||&#8221;][et_pb_wc_breadcrumb _builder_version=&#8221;4.16&#8243; global_colors_info=&#8221;{}&#8221;][\/et_pb_wc_breadcrumb][et_pb_wc_cart_notice _builder_version=&#8221;4.16&#8243; global_colors_info=&#8221;{}&#8221;][\/et_pb_wc_cart_notice][\/et_pb_column][\/et_pb_row][et_pb_row column_structure=&#8221;1_2,1_2&#8243; _builder_version=&#8221;4.16&#8243; background_size=&#8221;initial&#8221; background_position=&#8221;top_left&#8221; background_repeat=&#8221;repeat&#8221; width=&#8221;100%&#8221; custom_padding=&#8221;0px||||false|false&#8221; global_colors_info=&#8221;{}&#8221;][et_pb_column type=&#8221;1_2&#8243; _builder_version=&#8221;4.16&#8243; custom_padding=&#8221;|||&#8221; global_colors_info=&#8221;{}&#8221; custom_padding__hover=&#8221;|||&#8221;][et_pb_wc_images _builder_version=&#8221;4.16&#8243; global_colors_info=&#8221;{}&#8221;][\/et_pb_wc_images][\/et_pb_column][et_pb_column type=&#8221;1_2&#8243; _builder_version=&#8221;4.16&#8243; custom_padding=&#8221;|||&#8221; global_colors_info=&#8221;{}&#8221; custom_padding__hover=&#8221;|||&#8221;][et_pb_wc_title _builder_version=&#8221;4.16&#8243; global_colors_info=&#8221;{}&#8221;][\/et_pb_wc_title][et_pb_wc_rating _builder_version=&#8221;4.16&#8243; global_colors_info=&#8221;{}&#8221;][\/et_pb_wc_rating][et_pb_wc_price _builder_version=&#8221;4.16&#8243; global_colors_info=&#8221;{}&#8221;][\/et_pb_wc_price][et_pb_wc_description _builder_version=&#8221;4.16&#8243; global_colors_info=&#8221;{}&#8221;][\/et_pb_wc_description][et_pb_wc_add_to_cart _builder_version=&#8221;4.16&#8243; global_colors_info=&#8221;{}&#8221;][\/et_pb_wc_add_to_cart][et_pb_wc_meta _builder_version=&#8221;4.16&#8243; global_colors_info=&#8221;{}&#8221;][\/et_pb_wc_meta][\/et_pb_column][\/et_pb_row][et_pb_row _builder_version=&#8221;4.16&#8243; background_size=&#8221;initial&#8221; background_position=&#8221;top_left&#8221; background_repeat=&#8221;repeat&#8221; width=&#8221;100%&#8221; global_colors_info=&#8221;{}&#8221;][et_pb_column type=&#8221;4_4&#8243; _builder_version=&#8221;4.16&#8243; custom_padding=&#8221;|||&#8221; global_colors_info=&#8221;{}&#8221; custom_padding__hover=&#8221;|||&#8221;][et_pb_wc_tabs _builder_version=&#8221;4.24.3&#8243; global_colors_info=&#8221;{}&#8221;]\t\t\t\t\t[\/et_pb_wc_tabs][et_pb_wc_upsells _builder_version=&#8221;4.16&#8243; global_colors_info=&#8221;{}&#8221;][\/et_pb_wc_upsells][et_pb_wc_related_products _builder_version=&#8221;4.16&#8243; global_colors_info=&#8221;{}&#8221;][\/et_pb_wc_related_products][\/et_pb_column][\/et_pb_row][\/et_pb_section]<\/p>\n","protected":false},"excerpt":{"rendered":"<p>We are proud to introduce the QS1, the Flagship in a series of transport cabinets designed with the safety of your IT equipment in mind. The QS1 represents our commitment to delivering top-quality protection during transport with the objective to provide maximum protection for your sensitive equipment all the way to it\u00b4s destination.<\/p>","protected":false},"featured_media":3265,"template":"","meta":{"_et_pb_use_builder":"on","_et_pb_old_content":"QS1 \u00e4r resultatet av v\u00e5r h\u00e4ngivenhet till precisionsdesign och skr\u00e4ddarsydda l\u00f6sningar. Varje aspekt av detta transportsk\u00e5p har noggrant \u00f6verv\u00e4gts f\u00f6r att m\u00f6ta dina behov. Vi f\u00f6rst\u00e5r att tv\u00e5 transporter aldrig \u00e4r likadana, d\u00e4rf\u00f6r har vi gjort QS1 anpassningsbar f\u00f6r att s\u00e4kerst\u00e4lla att det passar din IT-utrustning.\r\n\r\nInuti QS1 hittar du integrerade sp\u00e4nnband, mjuk gummimatta p\u00e5 samtliga hyllor samt vadderade v\u00e4ggar innanf\u00f6r de h\u00e5rda pl\u00e5tv\u00e4ggarna. Detta kombinerat med en robust ram-konstruktion som \u00e4ven skyddar pl\u00e5ten mot repor f\u00f6r\u00e4krar att din IT-utrustning \u00e4r skyddad oavsett om sk\u00e5pet uts\u00e4tts f\u00f6r st\u00f6tar, vibrationer eller om det lutas onormalt mycket.\r\n\r\nQS1 \u00e4r utformad f\u00f6r att g\u00f6ra transporten s\u00e5 smidig som m\u00f6jligt. L\u00e4tthanterliga hjul med l\u00e5s samt ergonomiska handtag g\u00f6r det enkelt att flytta sk\u00e5pet medan tv\u00e5 l\u00e5sbara frontd\u00f6rrar s\u00e4kerst\u00e4ller utrustningens integritet. Med QS1 i ditt s\u00e4llskap kan du vara s\u00e4ker p\u00e5 att din IT-utrustning kommer att n\u00e5 sin destination utan en skr\u00e5ma.\r\n\r\nUtrustad med styva hyllor med gummiyta och st\u00f6td\u00e4mpande material som t\u00e4cker insidan som transportskydd.\r\n<p id=\"tech\"><\/p>\r\n\r\n<h3>Tekniska specifikationer<\/h3>\r\n\r\n<strong>Total h\u00f6jd inklusive hjul:<\/strong> 1900mm\r\n<strong>Vikt:<\/strong> 125 kg\r\n<strong>Yttre m\u00e5tt (H\u00f6jd x Bredd x Djup):<\/strong> 1700x1200x600mm\r\n<strong>Inv\u00e4ndiga m\u00e5tt (Bredd x Djup):<\/strong> 1150x550mm\r\n<strong>L\u00e5sbara d\u00f6rrar (med h\u00e4ngl\u00e5s):<\/strong> JA\r\n<strong>H\u00f6jd hyllfack 3 (\u00f6verst):<\/strong> 500mm\r\n<strong>H\u00f6jd hyllfack 2 (mellanliggande):<\/strong> 560mm\r\n<strong>H\u00f6jd hyllfack 1 (nedre):<\/strong> 580mm\r\n<strong>D\u00f6rr max. \u00f6ppningsvinkel i grader:<\/strong> 160\r\n<strong>St\u00e5lramar:<\/strong> 25x25x1,5mm\r\n<strong>Pl\u00e5tchassi:<\/strong> 0,7mm\r\n<img src=\"https:\/\/ncaade.se\/wp-content\/uploads\/2024\/04\/blank-1.png\" alt=\"\" width=\"18\" height=\"18\" class=\"alignnone size-full wp-image-3270\" \/>\r\n<h3>Ladda ner produktblad\u00a0 <img class=\"size-full wp-image-2162 alignnone\" src=\"https:\/\/ncaade.se\/wp-content\/uploads\/2024\/09\/pdf-icon.png\" alt=\"\" width=\"22\" height=\"25\" \/><\/h3>\r\n<ul>\r\n \t<li><a href=\"https:\/\/ncaade.se\/wp-content\/uploads\/2024\/12\/QS1-Sv.pdf\" target=\"_blank\" rel=\"noopener\">QS1 (Swedish) <\/a><\/li>\r\n \t<li><a href=\"https:\/\/ncaade.se\/wp-content\/uploads\/2024\/12\/QS1-Eng.pdf\" target=\"_blank\" rel=\"noopener\">QS1 (English)<\/a><\/li>\r\n<\/ul>","_et_gb_content_width":""},"product_brand":[],"product_cat":[54],"product_tag":[],"class_list":{"0":"post-2109","1":"product","2":"type-product","3":"status-publish","4":"has-post-thumbnail","6":"product_cat-q-pod","8":"first","9":"outofstock","10":"shipping-taxable","11":"product-type-variable"},"_links":{"self":[{"href":"https:\/\/ncaade.se\/en\/wp-json\/wp\/v2\/product\/2109","targetHints":{"allow":["GET"]}}],"collection":[{"href":"https:\/\/ncaade.se\/en\/wp-json\/wp\/v2\/product"}],"about":[{"href":"https:\/\/ncaade.se\/en\/wp-json\/wp\/v2\/types\/product"}],"wp:featuredmedia":[{"embeddable":true,"href":"https:\/\/ncaade.se\/en\/wp-json\/wp\/v2\/media\/3265"}],"wp:attachment":[{"href":"https:\/\/ncaade.se\/en\/wp-json\/wp\/v2\/media?parent=2109"}],"wp:term":[{"taxonomy":"product_brand","embeddable":true,"href":"https:\/\/ncaade.se\/en\/wp-json\/wp\/v2\/product_brand?post=2109"},{"taxonomy":"product_cat","embeddable":true,"href":"https:\/\/ncaade.se\/en\/wp-json\/wp\/v2\/product_cat?post=2109"},{"taxonomy":"product_tag","embeddable":true,"href":"https:\/\/ncaade.se\/en\/wp-json\/wp\/v2\/product_tag?post=2109"}],"curies":[{"name":"wp","href":"https:\/\/api.w.org\/{rel}","templated":true}]}}