{"id":3285,"date":"2024-12-02T07:59:01","date_gmt":"2024-12-02T07:59:01","guid":{"rendered":"http:\/\/ncaade.se.loopiadns.com\/?page_id=3285"},"modified":"2025-01-02T08:08:49","modified_gmt":"2025-01-02T08:08:49","slug":"kontakt","status":"publish","type":"page","link":"https:\/\/ncaade.se\/en\/kontakt\/","title":{"rendered":"Contact"},"content":{"rendered":"<p>[et_pb_section fb_built=&#8221;1&#8243; admin_label=&#8221;section&#8221; _builder_version=&#8221;4.27.0&#8243; background_color=&#8221;#efefef&#8221; global_colors_info=&#8221;{}&#8221;][et_pb_row admin_label=&#8221;row&#8221; _builder_version=&#8221;4.16&#8243; background_size=&#8221;initial&#8221; background_position=&#8221;top_left&#8221; background_repeat=&#8221;repeat&#8221; global_colors_info=&#8221;{}&#8221;][et_pb_column type=&#8221;4_4&#8243; _builder_version=&#8221;4.16&#8243; custom_padding=&#8221;|||&#8221; global_colors_info=&#8221;{}&#8221; custom_padding__hover=&#8221;|||&#8221;][et_pb_text admin_label=&#8221;Text&#8221; _builder_version=&#8221;4.27.4&#8243; text_font=&#8221;|700|||||||&#8221; text_text_color=&#8221;#000000&#8243; text_font_size=&#8221;22px&#8221; header_text_color=&#8221;#000000&#8243; background_size=&#8221;initial&#8221; background_position=&#8221;top_left&#8221; background_repeat=&#8221;repeat&#8221; hover_enabled=&#8221;0&#8243; global_colors_info=&#8221;{}&#8221; sticky_enabled=&#8221;0&#8243;]<\/p>\n<h1>Kontakta oss<\/h1>\n<p>Kontakta oss idag f\u00f6r att diskutera dina behov och hur v\u00e5ra transportsk\u00e5p kan revolutionera din IT-logistik. L\u00e5t oss bli din partner och skapa en skr\u00e4ddarsydd l\u00f6sning som garanterar maximalt skydd och effektivitet f\u00f6r dina v\u00e4rdefulla IT-tillg\u00e5ngar.<\/p>\n<p><strong>Jimmy Sandgren<\/strong><\/p>\n<p><strong>E-post<\/strong><br \/><a href=\"mailto:jimmy.sandgren@ncaade.se\">jimmy.sandgren@ncaade.se<\/a><\/p>\n<p>[\/et_pb_text][\/et_pb_column][\/et_pb_row][\/et_pb_section]<\/p>\n","protected":false},"excerpt":{"rendered":"<p>Kontakta oss Kontakta oss idag f\u00f6r att diskutera dina behov och hur v\u00e5ra transportsk\u00e5p kan revolutionera din IT-logistik. L\u00e5t oss bli din partner och skapa en skr\u00e4ddarsydd l\u00f6sning som garanterar maximalt skydd och effektivitet f\u00f6r dina v\u00e4rdefulla IT-tillg\u00e5ngar. Jimmy Sandgren E-postjimmy.sandgren@ncaade.se<\/p>","protected":false},"author":1,"featured_media":0,"parent":0,"menu_order":0,"comment_status":"closed","ping_status":"closed","template":"","meta":{"_et_pb_use_builder":"on","_et_pb_old_content":"","_et_gb_content_width":"","footnotes":""},"class_list":["post-3285","page","type-page","status-publish","hentry"],"_links":{"self":[{"href":"https:\/\/ncaade.se\/en\/wp-json\/wp\/v2\/pages\/3285","targetHints":{"allow":["GET"]}}],"collection":[{"href":"https:\/\/ncaade.se\/en\/wp-json\/wp\/v2\/pages"}],"about":[{"href":"https:\/\/ncaade.se\/en\/wp-json\/wp\/v2\/types\/page"}],"author":[{"embeddable":true,"href":"https:\/\/ncaade.se\/en\/wp-json\/wp\/v2\/users\/1"}],"replies":[{"embeddable":true,"href":"https:\/\/ncaade.se\/en\/wp-json\/wp\/v2\/comments?post=3285"}],"version-history":[{"count":5,"href":"https:\/\/ncaade.se\/en\/wp-json\/wp\/v2\/pages\/3285\/revisions"}],"predecessor-version":[{"id":3324,"href":"https:\/\/ncaade.se\/en\/wp-json\/wp\/v2\/pages\/3285\/revisions\/3324"}],"wp:attachment":[{"href":"https:\/\/ncaade.se\/en\/wp-json\/wp\/v2\/media?parent=3285"}],"curies":[{"name":"wp","href":"https:\/\/api.w.org\/{rel}","templated":true}]}}