{"id":3110,"date":"2024-09-30T13:07:17","date_gmt":"2024-09-30T13:07:17","guid":{"rendered":"http:\/\/ncaade.se.loopiadns.com\/?page_id=3110"},"modified":"2025-01-02T08:36:01","modified_gmt":"2025-01-02T08:36:01","slug":"reparationsavtal","status":"publish","type":"page","link":"https:\/\/ncaade.se\/en\/reparationsavtal\/","title":{"rendered":"Repair Agreements"},"content":{"rendered":"<p>[et_pb_section fb_built=&#8221;1&#8243; admin_label=&#8221;section&#8221; _builder_version=&#8221;4.27.0&#8243; background_color=&#8221;rgba(141,97,96,0.16)&#8221; global_colors_info=&#8221;{}&#8221;][et_pb_row admin_label=&#8221;row&#8221; _builder_version=&#8221;4.16&#8243; background_size=&#8221;initial&#8221; background_position=&#8221;top_left&#8221; background_repeat=&#8221;repeat&#8221; global_colors_info=&#8221;{}&#8221;][et_pb_column type=&#8221;4_4&#8243; _builder_version=&#8221;4.16&#8243; custom_padding=&#8221;|||&#8221; global_colors_info=&#8221;{}&#8221; custom_padding__hover=&#8221;|||&#8221;][et_pb_text admin_label=&#8221;Text&#8221; _builder_version=&#8221;4.27.4&#8243; text_font=&#8221;|700|||||||&#8221; text_text_color=&#8221;#000000&#8243; text_font_size=&#8221;22px&#8221; header_text_color=&#8221;#000000&#8243; background_size=&#8221;initial&#8221; background_position=&#8221;top_left&#8221; background_repeat=&#8221;repeat&#8221; hover_enabled=&#8221;0&#8243; global_colors_info=&#8221;{}&#8221; sticky_enabled=&#8221;0&#8243;]<\/p>\n<h1>Reparationsavtal<\/h1>\n<p>Fr\u00e5n och med v\u00e5ren 2024 erbjuder vi nu ett omfattande reparationsavtal f\u00f6r alla typer av transportsk\u00e5p.<\/p>\n<p>Vi \u00e5terst\u00e4ller trasiga sk\u00e5p till ett fungerande bruksskick. Avtalet omfattar hela sk\u00e5pet fr\u00e5n pl\u00e5treparation\/byten till att rikta ramar eller byta hjul, l\u00e5s och handtag.<\/p>\n<p><strong>Viktig information<\/strong><\/p>\n<p>&#8211; Om sk\u00e5p \u00e4r s\u00e5 illa \u00e5tg\u00e5nget att det inte g\u00e5r att reparera f\u00f6rbeh\u00e5ller vi oss r\u00e4tten att inte ta emot detta sk\u00e5p f\u00f6r reparation.<br \/>&#8211; Sk\u00e5preparation omfattar lackering med v\u00e5tlack vilken kan orsaka nyansskillnader om sk\u00e5pet tidigare varit pulverlackat.<\/p>\n<p>[\/et_pb_text][\/et_pb_column][\/et_pb_row][\/et_pb_section]<\/p>\n","protected":false},"excerpt":{"rendered":"<p>Reparationsavtal Fr\u00e5n och med v\u00e5ren 2024 erbjuder vi nu ett omfattande reparationsavtal f\u00f6r alla typer av transportsk\u00e5p. Vi \u00e5terst\u00e4ller trasiga sk\u00e5p till ett fungerande bruksskick. Avtalet omfattar hela sk\u00e5pet fr\u00e5n pl\u00e5treparation\/byten till att rikta ramar eller byta hjul, l\u00e5s och handtag. Viktig information &#8211; Om sk\u00e5p \u00e4r s\u00e5 illa \u00e5tg\u00e5nget att det inte g\u00e5r att [&hellip;]<\/p>\n","protected":false},"author":1,"featured_media":0,"parent":0,"menu_order":0,"comment_status":"closed","ping_status":"closed","template":"","meta":{"_et_pb_use_builder":"on","_et_pb_old_content":"","_et_gb_content_width":"","footnotes":""},"class_list":["post-3110","page","type-page","status-publish","hentry"],"_links":{"self":[{"href":"https:\/\/ncaade.se\/en\/wp-json\/wp\/v2\/pages\/3110","targetHints":{"allow":["GET"]}}],"collection":[{"href":"https:\/\/ncaade.se\/en\/wp-json\/wp\/v2\/pages"}],"about":[{"href":"https:\/\/ncaade.se\/en\/wp-json\/wp\/v2\/types\/page"}],"author":[{"embeddable":true,"href":"https:\/\/ncaade.se\/en\/wp-json\/wp\/v2\/users\/1"}],"replies":[{"embeddable":true,"href":"https:\/\/ncaade.se\/en\/wp-json\/wp\/v2\/comments?post=3110"}],"version-history":[{"count":6,"href":"https:\/\/ncaade.se\/en\/wp-json\/wp\/v2\/pages\/3110\/revisions"}],"predecessor-version":[{"id":3328,"href":"https:\/\/ncaade.se\/en\/wp-json\/wp\/v2\/pages\/3110\/revisions\/3328"}],"wp:attachment":[{"href":"https:\/\/ncaade.se\/en\/wp-json\/wp\/v2\/media?parent=3110"}],"curies":[{"name":"wp","href":"https:\/\/api.w.org\/{rel}","templated":true}]}}