{"id":3012,"date":"2024-09-23T11:35:47","date_gmt":"2024-09-23T11:35:47","guid":{"rendered":"http:\/\/ncaade.se.loopiadns.com\/?page_id=3012"},"modified":"2024-12-02T07:51:59","modified_gmt":"2024-12-02T07:51:59","slug":"q-pod-systemet","status":"publish","type":"page","link":"https:\/\/ncaade.se\/en\/q-pod-systemet\/","title":{"rendered":"Q-Pod-system"},"content":{"rendered":"<p>[et_pb_section fb_built=&#8221;1&#8243; admin_label=&#8221;section&#8221; _builder_version=&#8221;4.27.0&#8243; background_color=&#8221;#efefef&#8221; global_colors_info=&#8221;{}&#8221;][et_pb_row column_structure=&#8221;3_5,2_5&#8243; admin_label=&#8221;row&#8221; _builder_version=&#8221;4.16&#8243; background_size=&#8221;initial&#8221; background_position=&#8221;top_left&#8221; background_repeat=&#8221;repeat&#8221; global_colors_info=&#8221;{}&#8221;][et_pb_column type=&#8221;3_5&#8243; _builder_version=&#8221;4.16&#8243; custom_padding=&#8221;|||&#8221; global_colors_info=&#8221;{}&#8221; custom_padding__hover=&#8221;|||&#8221;][et_pb_text admin_label=&#8221;Text&#8221; _builder_version=&#8221;4.27.0&#8243; text_font=&#8221;|700|||||||&#8221; text_text_color=&#8221;#000000&#8243; text_font_size=&#8221;22px&#8221; header_text_color=&#8221;#000000&#8243; background_size=&#8221;initial&#8221; background_position=&#8221;top_left&#8221; background_repeat=&#8221;repeat&#8221; global_colors_info=&#8221;{}&#8221;]<\/p>\n<h1>Q-Pod-systemet<\/h1>\n<p>V\u00e5r serie av transportsk\u00e5p har blivit uppkallat efter namnet Q-Pod och har med tiden utvecklats till en flexibel transportsystems-l\u00f6sning.<\/p>\n<p>[\/et_pb_text][\/et_pb_column][et_pb_column type=&#8221;2_5&#8243; _builder_version=&#8221;4.16&#8243; custom_padding=&#8221;|||&#8221; global_colors_info=&#8221;{}&#8221; custom_padding__hover=&#8221;|||&#8221;][et_pb_image src=&#8221;https:\/\/ncaade.se\/wp-content\/uploads\/2024\/09\/q-pod-logo.png&#8221; title_text=&#8221;q-pod-logo&#8221; _builder_version=&#8221;4.27.0&#8243; _module_preset=&#8221;default&#8221; custom_margin=&#8221;||0px|||&#8221; global_colors_info=&#8221;{}&#8221;][\/et_pb_image][et_pb_text _builder_version=&#8221;4.27.4&#8243; _module_preset=&#8221;default&#8221; text_font=&#8221;||on||||||&#8221; text_font_size=&#8221;16px&#8221; hover_enabled=&#8221;0&#8243; global_colors_info=&#8221;{}&#8221; sticky_enabled=&#8221;0&#8243;]Q-POD \u00e4r ett registrerat varum\u00e4rke av NCAADE AB.[\/et_pb_text][\/et_pb_column][\/et_pb_row][\/et_pb_section][et_pb_section fb_built=&#8221;1&#8243; _builder_version=&#8221;4.27.0&#8243; _module_preset=&#8221;default&#8221; background_color=&#8221;rgba(141,97,96,0.16)&#8221; custom_padding=&#8221;||20px|||&#8221; global_colors_info=&#8221;{}&#8221;][et_pb_row _builder_version=&#8221;4.27.0&#8243; _module_preset=&#8221;default&#8221; global_colors_info=&#8221;{}&#8221;][et_pb_column type=&#8221;4_4&#8243; _builder_version=&#8221;4.27.0&#8243; _module_preset=&#8221;default&#8221; global_colors_info=&#8221;{}&#8221;][et_pb_text _builder_version=&#8221;4.27.0&#8243; _module_preset=&#8221;default&#8221; global_colors_info=&#8221;{}&#8221;]<\/p>\n<p>V\u00e5ra sk\u00e5p \u00e4r speciellt utvecklade f\u00f6r en beskyddande hantering av gods som transporteras med flyg, t\u00e5g, lastbil eller b\u00e5t. Q-Pod-systemet \u00e4r en perfekt l\u00f6sning f\u00f6r f\u00f6retag med h\u00f6ga krav p\u00e5 fysiskt produktskydd, effektiv logistik och kostnadseffektiva transporter. Produkterna utg\u00f6rs av en robust st\u00e5lram d\u00e4r ytterskalet best\u00e5r av pulverlackerad pl\u00e5t med en mjuk vaddering p\u00e5 insidan. Sk\u00e5pen finns i olika storlekar, \u00e4r perfekt anpassade f\u00f6r enkel hantering och f\u00f6ljer europeiska standarder. Samtliga sk\u00e5p levereras med integrerade sp\u00e4nnband som har sitt f\u00e4ste i ramen och s\u00e4kerst\u00e4ller att godset h\u00e5lls p\u00e5 plats under transporten. NCAADE erbjuder \u00e4ven skr\u00e4ddarsydda designl\u00f6sningar med ditt f\u00f6retags egna logotyper, f\u00e4rger och storlekar.<\/p>\n<p>Q-Pod f\u00f6rser era avemballerade produkter med ett mycket robust skydd mot yttre p\u00e5verkan. Transportsk\u00e5pen \u00e4r enkla att lasta\/lossa och kan enkelt st\u00e4llas t\u00e4tt ihop f\u00f6r kort- och l\u00e5ngtidsf\u00f6rvaring.<\/p>\n<p>[\/et_pb_text][\/et_pb_column][\/et_pb_row][et_pb_row column_structure=&#8221;3_5,2_5&#8243; _builder_version=&#8221;4.27.0&#8243; _module_preset=&#8221;default&#8221; global_colors_info=&#8221;{}&#8221;][et_pb_column type=&#8221;3_5&#8243; _builder_version=&#8221;4.27.0&#8243; _module_preset=&#8221;default&#8221; global_colors_info=&#8221;{}&#8221;][et_pb_text _builder_version=&#8221;4.27.0&#8243; _module_preset=&#8221;default&#8221; global_colors_info=&#8221;{}&#8221;]<\/p>\n<h2>S\u00e4kerhet och sp\u00e5rning<\/h2>\n<p>F\u00f6r att f\u00f6rb\u00e4ttra s\u00e4kerheten och m\u00f6jligheterna till sp\u00e5rning kan sk\u00e5pen utrustas med toppmoderna GPS-sp\u00e5rs\u00e4ndare. Med \u00f6vervakning av sk\u00e5pens position i realtid kan du vara fullst\u00e4ndigt trygg med vetskapen om exakt var din utrustning befinner sig. GPS-modulen har en batteritid p\u00e5 5 \u00e5r! Du har fullst\u00e4ndig kontroll och sp\u00e5rbarhet \u00f6ver dina IT-tillg\u00e5ngar under hela transporten![\/et_pb_text][\/et_pb_column][et_pb_column type=&#8221;2_5&#8243; _builder_version=&#8221;4.27.0&#8243; _module_preset=&#8221;default&#8221; global_colors_info=&#8221;{}&#8221;][et_pb_image src=&#8221;https:\/\/ncaade.se\/wp-content\/uploads\/2024\/09\/grp-trb.png&#8221; title_text=&#8221;grp-trb&#8221; _builder_version=&#8221;4.27.0&#8243; _module_preset=&#8221;default&#8221; width=&#8221;50%&#8221; width_tablet=&#8221;50%&#8221; width_phone=&#8221;50%&#8221; width_last_edited=&#8221;on|phone&#8221; global_colors_info=&#8221;{}&#8221; width__hover_enabled=&#8221;on|desktop&#8221; width__hover=&#8221;50%&#8221;][\/et_pb_image][\/et_pb_column][\/et_pb_row][et_pb_row _builder_version=&#8221;4.27.0&#8243; _module_preset=&#8221;default&#8221; global_colors_info=&#8221;{}&#8221;][et_pb_column type=&#8221;4_4&#8243; _builder_version=&#8221;4.27.0&#8243; _module_preset=&#8221;default&#8221; global_colors_info=&#8221;{}&#8221;][et_pb_text _builder_version=&#8221;4.27.0&#8243; _module_preset=&#8221;default&#8221; global_colors_info=&#8221;{}&#8221;]<\/p>\n<h2>H\u00f6gsta kvalitet<\/h2>\n<p>Vi \u00e4r stolta \u00f6ver att leverera h\u00f6gkvalitativa l\u00f6sningar f\u00f6r transport av IT-utrustning. V\u00e5ra sk\u00e5p \u00e4r utformade med dina specifika behov i \u00e5tanke och vi erbjuder en s\u00e4ker och p\u00e5litlig transportl\u00f6sning f\u00f6r dina v\u00e4rdefulla IT-tillg\u00e5ngar. Vi erbjuder \u00e4ven en personlig touch! Samtliga sk\u00e5p levereras med en professionell lackering i ditt f\u00f6retags f\u00e4rger utan extra kostnad. Detta g\u00f6r att du ocks\u00e5 kan visa din varum\u00e4rkesidentitet under varje transport.<\/p>\n<p>[\/et_pb_text][\/et_pb_column][\/et_pb_row][\/et_pb_section][et_pb_section fb_built=&#8221;1&#8243; prev_background_color=&#8221;rgba(141,97,96,0.16)&#8221; _builder_version=&#8221;4.27.0&#8243; _module_preset=&#8221;default&#8221; background_color=&#8221;#3b5e94&#8243; custom_padding=&#8221;94px|||||&#8221; top_divider_style=&#8221;arrow3&#8243; top_divider_height=&#8221;54px&#8221; global_colors_info=&#8221;{}&#8221;][et_pb_row _builder_version=&#8221;4.27.0&#8243; _module_preset=&#8221;default&#8221; global_colors_info=&#8221;{}&#8221;][et_pb_column type=&#8221;4_4&#8243; _builder_version=&#8221;4.27.0&#8243; _module_preset=&#8221;default&#8221; global_colors_info=&#8221;{}&#8221;][et_pb_text _builder_version=&#8221;4.27.0&#8243; _module_preset=&#8221;default&#8221; text_text_color=&#8221;#FFFFFF&#8221; header_2_text_color=&#8221;#FFFFFF&#8221; global_colors_info=&#8221;{}&#8221;]<\/p>\n<h2>Funktionalitet<\/h2>\n<p>\u25cf H\u00f6gkvalitativ konstruktion och h\u00e5llbara material f\u00f6r l\u00e5ngvarig prestanda.<br \/>\u25cf Lackering i ditt f\u00f6retags f\u00e4rger.<br \/>\u25cf Samtliga sk\u00e5p har integrerade sp\u00e4nnband.<br \/>\u25cf Genomt\u00e4nkt design och smart funktionalitet f\u00f6r effektiv och s\u00e4ker transport.<br \/>\u25cf Vadderad interi\u00f6r f\u00f6r maximal s\u00e4kerhet och skydd.<br \/>\u25cf L\u00e5sbara d\u00f6rrar. (H\u00e4ngl\u00e5s ing\u00e5r alltid. P\u00e5 grund av sk\u00e5pens h\u00e5rda livsmilj\u00f6 samt k\u00e4nsligheten hos l\u00e5smekanismer generellt har vi valt att beh\u00e5lla h\u00e4ngl\u00e5sen f\u00f6r enklare utbyte av l\u00e5s vid behov.)<\/p>\n<p>[\/et_pb_text][et_pb_text _builder_version=&#8221;4.27.0&#8243; _module_preset=&#8221;default&#8221; text_text_color=&#8221;#FFFFFF&#8221; header_2_text_color=&#8221;#FFFFFF&#8221; global_colors_info=&#8221;{}&#8221;]<\/p>\n<h2>Tillval<\/h2>\n<p>\u25cf Tillval &#8211; Serviceavtal med skadereparation p\u00e5 din geografiska position.<br \/>\u25cf Tillval &#8211; Gas och vattent\u00e4tningar som skyddar gods mot v\u00e4der, smuts och damm.<br \/>\u25cf Tillval &#8211; GPS-sp\u00e5rs\u00e4ndare f\u00f6r realtids\u00f6vervakning och \u00f6kad s\u00e4kerhet.<\/p>\n<p>[\/et_pb_text][\/et_pb_column][\/et_pb_row][\/et_pb_section]<\/p>\n","protected":false},"excerpt":{"rendered":"<p>Q-Pod-systemet V\u00e5r serie av transportsk\u00e5p har blivit uppkallat efter namnet Q-Pod och har med tiden utvecklats till en flexibel transportsystems-l\u00f6sning.Q-POD \u00e4r ett registrerat varum\u00e4rke av NCAADE AB.V\u00e5ra sk\u00e5p \u00e4r speciellt utvecklade f\u00f6r en beskyddande hantering av gods som transporteras med flyg, t\u00e5g, lastbil eller b\u00e5t. Q-Pod-systemet \u00e4r en perfekt l\u00f6sning f\u00f6r f\u00f6retag med h\u00f6ga krav [&hellip;]<\/p>\n","protected":false},"author":1,"featured_media":0,"parent":0,"menu_order":0,"comment_status":"closed","ping_status":"closed","template":"","meta":{"_et_pb_use_builder":"on","_et_pb_old_content":"","_et_gb_content_width":"","footnotes":""},"class_list":["post-3012","page","type-page","status-publish","hentry"],"_links":{"self":[{"href":"https:\/\/ncaade.se\/en\/wp-json\/wp\/v2\/pages\/3012","targetHints":{"allow":["GET"]}}],"collection":[{"href":"https:\/\/ncaade.se\/en\/wp-json\/wp\/v2\/pages"}],"about":[{"href":"https:\/\/ncaade.se\/en\/wp-json\/wp\/v2\/types\/page"}],"author":[{"embeddable":true,"href":"https:\/\/ncaade.se\/en\/wp-json\/wp\/v2\/users\/1"}],"replies":[{"embeddable":true,"href":"https:\/\/ncaade.se\/en\/wp-json\/wp\/v2\/comments?post=3012"}],"version-history":[{"count":9,"href":"https:\/\/ncaade.se\/en\/wp-json\/wp\/v2\/pages\/3012\/revisions"}],"predecessor-version":[{"id":3278,"href":"https:\/\/ncaade.se\/en\/wp-json\/wp\/v2\/pages\/3012\/revisions\/3278"}],"wp:attachment":[{"href":"https:\/\/ncaade.se\/en\/wp-json\/wp\/v2\/media?parent=3012"}],"curies":[{"name":"wp","href":"https:\/\/api.w.org\/{rel}","templated":true}]}}