{"id":3000,"date":"2024-09-23T09:30:04","date_gmt":"2024-09-23T09:30:04","guid":{"rendered":"http:\/\/ncaade.se.loopiadns.com\/?page_id=3000"},"modified":"2024-10-19T05:14:42","modified_gmt":"2024-10-19T05:14:42","slug":"produkter","status":"publish","type":"page","link":"https:\/\/ncaade.se\/en\/produkter\/","title":{"rendered":"Produkt"},"content":{"rendered":"<p>[et_pb_section fb_built=&#8221;1&#8243; admin_label=&#8221;section&#8221; _builder_version=&#8221;4.27.0&#8243; background_color=&#8221;#efefef&#8221; global_colors_info=&#8221;{}&#8221;][et_pb_row admin_label=&#8221;row&#8221; _builder_version=&#8221;4.16&#8243; background_size=&#8221;initial&#8221; background_position=&#8221;top_left&#8221; background_repeat=&#8221;repeat&#8221; global_colors_info=&#8221;{}&#8221;][et_pb_column type=&#8221;4_4&#8243; _builder_version=&#8221;4.16&#8243; custom_padding=&#8221;|||&#8221; global_colors_info=&#8221;{}&#8221; custom_padding__hover=&#8221;|||&#8221;][et_pb_text admin_label=&#8221;Text&#8221; _builder_version=&#8221;4.27.0&#8243; text_text_color=&#8221;#000000&#8243; header_text_color=&#8221;#000000&#8243; header_2_text_color=&#8221;#000000&#8243; background_size=&#8221;initial&#8221; background_position=&#8221;top_left&#8221; background_repeat=&#8221;repeat&#8221; global_colors_info=&#8221;{}&#8221;]<\/p>\n<h1>Produkter<\/h1>\n<p>L\u00e5t oss presentera v\u00e5ra skr\u00e4ddarsydda sk\u00e5p f\u00f6r transport av IT-utrustning. Utformade f\u00f6r att erbjuda ultimat skydd och effektiv hantering f\u00f6r dina v\u00e4rdefulla teknikresurser finns nu v\u00e5ra sk\u00e5p i en hel serie. Grundid\u00e9n med v\u00e5r verksamhet \u00e4r fokus p\u00e5 lastb\u00e4rare med fysiskt produktskydd och bekv\u00e4m hantering. V\u00e5ra sk\u00e5p \u00e4r noggrant utformade med en vadderad interi\u00f6r och mjuk gummimatta som underlag p\u00e5 hyllor f\u00f6r att s\u00e4kerst\u00e4lla att din \u00f6mt\u00e5liga IT-utrustning \u00e4r skyddad. Alla v\u00e5ra produkter har integrerade sp\u00e4nnband.<\/p>\n<p>[\/et_pb_text][\/et_pb_column][\/et_pb_row][\/et_pb_section][et_pb_section fb_built=&#8221;1&#8243; _builder_version=&#8221;4.27.0&#8243; _module_preset=&#8221;default&#8221; background_color=&#8221;RGBA(255,255,255,0)&#8221; global_colors_info=&#8221;{}&#8221;][et_pb_row _builder_version=&#8221;4.27.2&#8243; _module_preset=&#8221;default&#8221; global_colors_info=&#8221;{}&#8221;][et_pb_column type=&#8221;4_4&#8243; _builder_version=&#8221;4.27.2&#8243; _module_preset=&#8221;default&#8221; global_colors_info=&#8221;{}&#8221;][et_pb_code _builder_version=&#8221;4.27.2&#8243; _module_preset=&#8221;default&#8221; hover_enabled=&#8221;0&#8243; global_colors_info=&#8221;{}&#8221; sticky_enabled=&#8221;0&#8243;]<div class=\"woocommerce columns-4 \"><ul class=\"products columns-4\">\n<li class=\"product type-product post-2987 status-publish first instock product_cat-q-pod has-post-thumbnail shipping-taxable product-type-simple\">\n\t<a href=\"https:\/\/ncaade.se\/en\/product\/qs-max-27\/\" class=\"woocommerce-LoopProduct-link woocommerce-loop-product__link\"><span class=\"et_shop_image\"><img loading=\"lazy\" decoding=\"async\" width=\"300\" height=\"300\" src=\"https:\/\/ncaade.se\/wp-content\/uploads\/woocommerce-placeholder-300x300.png\" class=\"attachment-woocommerce_thumbnail size-woocommerce_thumbnail\" alt=\"QS Max 27\" \/><span class=\"et_overlay\"><\/span><\/span><h2 class=\"woocommerce-loop-product__title\">QS Max 27<\/h2>\n<\/a><\/li>\n<li class=\"product type-product post-2990 status-publish instock product_cat-q-pod has-post-thumbnail shipping-taxable product-type-simple\">\n\t<a href=\"https:\/\/ncaade.se\/en\/product\/qs-max-34\/\" class=\"woocommerce-LoopProduct-link woocommerce-loop-product__link\"><span class=\"et_shop_image\"><img loading=\"lazy\" decoding=\"async\" width=\"300\" height=\"267\" src=\"https:\/\/ncaade.se\/wp-content\/uploads\/2024\/09\/qs1-max34-300x267.jpg\" class=\"attachment-woocommerce_thumbnail size-woocommerce_thumbnail\" alt=\"QS Max 34\" \/><span class=\"et_overlay\"><\/span><\/span><h2 class=\"woocommerce-loop-product__title\">QS Max 34<\/h2>\n<\/a><\/li>\n<li class=\"product type-product post-2109 status-publish outofstock product_cat-q-pod has-post-thumbnail shipping-taxable product-type-variable\">\n\t<a href=\"https:\/\/ncaade.se\/en\/product\/qs1\/\" class=\"woocommerce-LoopProduct-link woocommerce-loop-product__link\"><span class=\"et_shop_image\"><img loading=\"lazy\" decoding=\"async\" width=\"300\" height=\"327\" src=\"https:\/\/ncaade.se\/wp-content\/uploads\/2024\/04\/QS1-300x327.jpg\" class=\"attachment-woocommerce_thumbnail size-woocommerce_thumbnail\" alt=\"QS1\" \/><span class=\"et_overlay\"><\/span><\/span><h2 class=\"woocommerce-loop-product__title\">QS1<\/h2>\n<\/a><\/li>\n<li class=\"product type-product post-2946 status-publish last instock product_cat-q-pod has-post-thumbnail shipping-taxable product-type-simple\">\n\t<a href=\"https:\/\/ncaade.se\/en\/product\/qs1-light\/\" class=\"woocommerce-LoopProduct-link woocommerce-loop-product__link\"><span class=\"et_shop_image\"><img loading=\"lazy\" decoding=\"async\" width=\"300\" height=\"327\" src=\"https:\/\/ncaade.se\/wp-content\/uploads\/2024\/12\/QS1-Light-300x327.jpg\" class=\"attachment-woocommerce_thumbnail size-woocommerce_thumbnail\" alt=\"QS1 Light\" \/><span class=\"et_overlay\"><\/span><\/span><h2 class=\"woocommerce-loop-product__title\">QS1 Light<\/h2>\n<\/a><\/li>\n<li class=\"product type-product post-3032 status-publish first instock product_cat-q-pod has-post-thumbnail shipping-taxable product-type-simple\">\n\t<a href=\"https:\/\/ncaade.se\/en\/product\/qs2\/\" class=\"woocommerce-LoopProduct-link woocommerce-loop-product__link\"><span class=\"et_shop_image\"><img loading=\"lazy\" decoding=\"async\" width=\"300\" height=\"327\" src=\"https:\/\/ncaade.se\/wp-content\/uploads\/2024\/12\/QS2-300x327.jpg\" class=\"attachment-woocommerce_thumbnail size-woocommerce_thumbnail\" alt=\"QS2\" \/><span class=\"et_overlay\"><\/span><\/span><h2 class=\"woocommerce-loop-product__title\">QS2<\/h2>\n<\/a><\/li>\n<li class=\"product type-product post-3033 status-publish instock product_cat-q-pod has-post-thumbnail shipping-taxable product-type-simple\">\n\t<a href=\"https:\/\/ncaade.se\/en\/product\/qs3\/\" class=\"woocommerce-LoopProduct-link woocommerce-loop-product__link\"><span class=\"et_shop_image\"><img loading=\"lazy\" decoding=\"async\" width=\"300\" height=\"327\" src=\"https:\/\/ncaade.se\/wp-content\/uploads\/2024\/09\/ny-QS3_Oppen-1-300x327.jpg\" class=\"attachment-woocommerce_thumbnail size-woocommerce_thumbnail\" alt=\"QS3\" \/><span class=\"et_overlay\"><\/span><\/span><h2 class=\"woocommerce-loop-product__title\">QS3<\/h2>\n<\/a><\/li>\n<li class=\"product type-product post-3035 status-publish instock product_cat-q-pod has-post-thumbnail shipping-taxable product-type-simple\">\n\t<a href=\"https:\/\/ncaade.se\/en\/product\/qs4\/\" class=\"woocommerce-LoopProduct-link woocommerce-loop-product__link\"><span class=\"et_shop_image\"><img loading=\"lazy\" decoding=\"async\" width=\"300\" height=\"327\" src=\"https:\/\/ncaade.se\/wp-content\/uploads\/2024\/12\/QS4-300x327.jpg\" class=\"attachment-woocommerce_thumbnail size-woocommerce_thumbnail\" alt=\"QS4\" \/><span class=\"et_overlay\"><\/span><\/span><h2 class=\"woocommerce-loop-product__title\">QS4<\/h2>\n<\/a><\/li>\n<li class=\"product type-product post-3036 status-publish last instock product_cat-q-pod has-post-thumbnail shipping-taxable product-type-simple\">\n\t<a href=\"https:\/\/ncaade.se\/en\/product\/qs5\/\" class=\"woocommerce-LoopProduct-link woocommerce-loop-product__link\"><span class=\"et_shop_image\"><img loading=\"lazy\" decoding=\"async\" width=\"300\" height=\"327\" src=\"https:\/\/ncaade.se\/wp-content\/uploads\/2024\/12\/QS5-300x327.jpg\" class=\"attachment-woocommerce_thumbnail size-woocommerce_thumbnail\" alt=\"QS5\" \/><span class=\"et_overlay\"><\/span><\/span><h2 class=\"woocommerce-loop-product__title\">QS5<\/h2>\n<\/a><\/li>\n<\/ul>\n<\/div> [\/et_pb_code][\/et_pb_column][\/et_pb_row][\/et_pb_section][et_pb_section fb_built=&#8221;1&#8243; _builder_version=&#8221;4.27.0&#8243; _module_preset=&#8221;default&#8221; background_color=&#8221;rgba(141,97,96,0.16)&#8221; global_colors_info=&#8221;{}&#8221;][et_pb_row column_structure=&#8221;1_2,1_2&#8243; _builder_version=&#8221;4.27.0&#8243; _module_preset=&#8221;default&#8221; global_colors_info=&#8221;{}&#8221;][et_pb_column type=&#8221;1_2&#8243; _builder_version=&#8221;4.27.0&#8243; _module_preset=&#8221;default&#8221; global_colors_info=&#8221;{}&#8221;][et_pb_text _builder_version=&#8221;4.27.0&#8243; _module_preset=&#8221;default&#8221; global_colors_info=&#8221;{}&#8221;]<\/p>\n<h2>Q-Pod-System<\/h2>\n<p>Vi erbjuder skr\u00e4ddarsydda sk\u00e5p f\u00f6r transport av IT-utrustning utformade f\u00f6r att erbjuda ultimat skydd och effektiv hantering f\u00f6r dina v\u00e4rdefulla teknikresurser. V\u00e5r sk\u00e5p finns i en hel serie, Q-Pod-systemet, en perfekt l\u00f6sning f\u00f6r f\u00f6retag med h\u00f6ga krav p\u00e5 fysiskt produktskydd, effektiv logistik och kostnadseffektiva transporter.<\/p>\n<p>[\/et_pb_text][et_pb_button button_url=&#8221;\/q-pod-systemet\/&#8221; button_text=&#8221;L\u00e4s mer&#8221; _builder_version=&#8221;4.27.0&#8243; _module_preset=&#8221;default&#8221; custom_button=&#8221;on&#8221; button_text_color=&#8221;#FFFFFF&#8221; button_bg_color=&#8221;#3c5e94&#8243; button_border_width=&#8221;0px&#8221; button_use_icon=&#8221;off&#8221; global_colors_info=&#8221;{}&#8221;][\/et_pb_button][\/et_pb_column][et_pb_column type=&#8221;1_2&#8243; _builder_version=&#8221;4.27.0&#8243; _module_preset=&#8221;default&#8221; background_color=&#8221;#E02B20&#8243; global_colors_info=&#8221;{}&#8221;][et_pb_image src=&#8221;https:\/\/ncaade.se\/wp-content\/uploads\/2024\/09\/q-pod-logo.png&#8221; title_text=&#8221;q-pod-logo&#8221; _builder_version=&#8221;4.27.0&#8243; _module_preset=&#8221;default&#8221; custom_margin=&#8221;40px|||130px|false|false&#8221; custom_margin_tablet=&#8221;80px|||130px|false|false&#8221; custom_margin_phone=&#8221;||0px|80px|false|false&#8221; custom_margin_last_edited=&#8221;on|phone&#8221; custom_padding=&#8221;||50px||false|false&#8221; global_colors_info=&#8221;{}&#8221;][\/et_pb_image][\/et_pb_column][\/et_pb_row][\/et_pb_section]<\/p>\n","protected":false},"excerpt":{"rendered":"<p>Produkter L\u00e5t oss presentera v\u00e5ra skr\u00e4ddarsydda sk\u00e5p f\u00f6r transport av IT-utrustning. Utformade f\u00f6r att erbjuda ultimat skydd och effektiv hantering f\u00f6r dina v\u00e4rdefulla teknikresurser finns nu v\u00e5ra sk\u00e5p i en hel serie. Grundid\u00e9n med v\u00e5r verksamhet \u00e4r fokus p\u00e5 lastb\u00e4rare med fysiskt produktskydd och bekv\u00e4m hantering. V\u00e5ra sk\u00e5p \u00e4r noggrant utformade med en vadderad interi\u00f6r [&hellip;]<\/p>\n","protected":false},"author":1,"featured_media":0,"parent":0,"menu_order":0,"comment_status":"closed","ping_status":"closed","template":"","meta":{"_et_pb_use_builder":"on","_et_pb_old_content":"<!-- wp:divi\/placeholder \/-->","_et_gb_content_width":"","footnotes":""},"class_list":["post-3000","page","type-page","status-publish","hentry"],"_links":{"self":[{"href":"https:\/\/ncaade.se\/en\/wp-json\/wp\/v2\/pages\/3000","targetHints":{"allow":["GET"]}}],"collection":[{"href":"https:\/\/ncaade.se\/en\/wp-json\/wp\/v2\/pages"}],"about":[{"href":"https:\/\/ncaade.se\/en\/wp-json\/wp\/v2\/types\/page"}],"author":[{"embeddable":true,"href":"https:\/\/ncaade.se\/en\/wp-json\/wp\/v2\/users\/1"}],"replies":[{"embeddable":true,"href":"https:\/\/ncaade.se\/en\/wp-json\/wp\/v2\/comments?post=3000"}],"version-history":[{"count":23,"href":"https:\/\/ncaade.se\/en\/wp-json\/wp\/v2\/pages\/3000\/revisions"}],"predecessor-version":[{"id":3221,"href":"https:\/\/ncaade.se\/en\/wp-json\/wp\/v2\/pages\/3000\/revisions\/3221"}],"wp:attachment":[{"href":"https:\/\/ncaade.se\/en\/wp-json\/wp\/v2\/media?parent=3000"}],"curies":[{"name":"wp","href":"https:\/\/api.w.org\/{rel}","templated":true}]}}