{"id":2871,"date":"2024-09-09T13:34:41","date_gmt":"2024-09-09T13:34:41","guid":{"rendered":"http:\/\/ncaade.se.loopiadns.com\/?page_id=2871"},"modified":"2025-01-02T08:34:26","modified_gmt":"2025-01-02T08:34:26","slug":"ny-startsida","status":"publish","type":"page","link":"https:\/\/ncaade.se\/en\/","title":{"rendered":"Ny Startsida"},"content":{"rendered":"<p>[et_pb_section fb_built=&#8221;1&#8243; _builder_version=&#8221;4.27.2&#8243; _module_preset=&#8221;default&#8221; background_image=&#8221;https:\/\/ncaade.se\/wp-content\/uploads\/2024\/10\/hero-skap-ny.jpg&#8221; custom_margin=&#8221;0px||||false|false&#8221; custom_padding=&#8221;0px||0px||false|false&#8221; global_colors_info=&#8221;{}&#8221;][et_pb_row column_structure=&#8221;1_2,1_2&#8243; use_custom_gutter=&#8221;on&#8221; custom_padding_last_edited=&#8221;on|phone&#8221; _builder_version=&#8221;4.27.4&#8243; _module_preset=&#8221;default&#8221; background_enable_mask_style=&#8221;on&#8221; background_mask_style=&#8221;arch&#8221; background_mask_color=&#8221;rgba(34,34,34,0.77)&#8221; background_mask_transform=&#8221;flip_horizontal|flip_vertical&#8221; background_mask_size=&#8221;cover&#8221; background_mask_position=&#8221;bottom_left&#8221; background_mask_horizontal_offset=&#8221;0%&#8221; background_mask_vertical_offset=&#8221;0%&#8221; width=&#8221;100%&#8221; max_width=&#8221;2000px&#8221; min_height=&#8221;580px&#8221; custom_padding=&#8221;80px||188px||false|false&#8221; custom_padding_tablet=&#8221;80px||108px||false|false&#8221; custom_padding_phone=&#8221;45px||||false|false&#8221; global_colors_info=&#8221;{}&#8221;][et_pb_column type=&#8221;1_2&#8243; _builder_version=&#8221;4.27.0&#8243; _module_preset=&#8221;default&#8221; background_enable_color=&#8221;off&#8221; global_colors_info=&#8221;{}&#8221;][\/et_pb_column][et_pb_column type=&#8221;1_2&#8243; _builder_version=&#8221;4.27.0&#8243; _module_preset=&#8221;default&#8221; global_colors_info=&#8221;{}&#8221;][et_pb_text _builder_version=&#8221;4.27.4&#8243; _module_preset=&#8221;default&#8221; text_text_color=&#8221;#FFFFFF&#8221; header_text_color=&#8221;#FFFFFF&#8221; custom_padding=&#8221;40px|150px|||false|false&#8221; custom_padding_tablet=&#8221;100px|150px|||false|false&#8221; custom_padding_phone=&#8221;10px|40px||40px|false|false&#8221; custom_padding_last_edited=&#8221;on|phone&#8221; global_colors_info=&#8221;{}&#8221;]<\/p>\n<h1>Skyddande och s\u00e4kra transportsk\u00e5p f\u00f6r IT-utrustning<\/h1>\n<p>V\u00e5ra skr\u00e4ddarsydda sk\u00e5p f\u00f6r transport av IT-utrustning \u00e4r utformade f\u00f6r att erbjuda ultimat skydd och effektiv hantering f\u00f6r dina v\u00e4rdefulla teknikresurser. V\u00e5ra sk\u00e5p \u00e4r noggrant utformade med en vadderad interi\u00f6r och mjuk gummimatta som underlag p\u00e5 hyllor f\u00f6r att s\u00e4kerst\u00e4lla att din \u00f6mt\u00e5liga IT-utrustning \u00e4r skyddad.<\/p>\n<p>[\/et_pb_text][et_pb_button button_url=&#8221;\/q-pod-systemet\/&#8221; button_text=&#8221;Mer om Q-Pod-systemet&#8221; _builder_version=&#8221;4.27.2&#8243; _module_preset=&#8221;default&#8221; custom_button=&#8221;on&#8221; button_text_color=&#8221;#FFFFFF&#8221; button_bg_color=&#8221;#8d6160&#8243; button_border_color=&#8221;RGBA(255,255,255,0)&#8221; button_use_icon=&#8221;off&#8221; custom_margin_tablet=&#8221;&#8221; custom_margin_phone=&#8221;|||40px|false|false&#8221; custom_margin_last_edited=&#8221;on|phone&#8221; custom_padding_tablet=&#8221;&#8221; custom_padding_phone=&#8221;||||false|false&#8221; custom_padding_last_edited=&#8221;on|phone&#8221; global_colors_info=&#8221;{}&#8221;][\/et_pb_button][\/et_pb_column][\/et_pb_row][\/et_pb_section][et_pb_section fb_built=&#8221;1&#8243; custom_padding_last_edited=&#8221;on|phone&#8221; _builder_version=&#8221;4.27.4&#8243; _module_preset=&#8221;default&#8221; background_color=&#8221;rgba(141,97,96,0.16)&#8221; custom_padding_tablet=&#8221;&#8221; custom_padding_phone=&#8221;||0px||false|false&#8221; global_colors_info=&#8221;{}&#8221;][et_pb_row column_structure=&#8221;1_2,1_2&#8243; _builder_version=&#8221;4.27.0&#8243; _module_preset=&#8221;default&#8221; global_colors_info=&#8221;{}&#8221;][et_pb_column type=&#8221;1_2&#8243; _builder_version=&#8221;4.27.0&#8243; _module_preset=&#8221;default&#8221; global_colors_info=&#8221;{}&#8221;][et_pb_text _builder_version=&#8221;4.27.0&#8243; _module_preset=&#8221;default&#8221; global_colors_info=&#8221;{}&#8221;]<\/p>\n<h2>V\u00e5ra transportsk\u00e5p<\/h2>\n<p>Vi \u00e4r stolta \u00f6ver att leverera h\u00f6gkvalitativa l\u00f6sningar f\u00f6r transport av IT-utrustning. <span>V\u00e5ra sk\u00e5p \u00e4r speciellt utvecklade f\u00f6r en beskyddande hantering av gods som transporteras med flyg, t\u00e5g, lastbil eller b\u00e5t. Q-Pod-systemet \u00e4r en perfekt l\u00f6sning f\u00f6r f\u00f6retag med h\u00f6ga krav p\u00e5 fysiskt produktskydd, effektiv logistik och kostnadseffektiva transporter.<\/span><\/p>\n<p>[\/et_pb_text][et_pb_button button_url=&#8221;\/produkter&#8221; button_text=&#8221;Alla produkter&#8221; _builder_version=&#8221;4.27.0&#8243; _module_preset=&#8221;default&#8221; custom_button=&#8221;on&#8221; button_text_color=&#8221;#FFFFFF&#8221; button_bg_color=&#8221;#3a5e94&#8243; button_border_color=&#8221;RGBA(255,255,255,0)&#8221; button_use_icon=&#8221;off&#8221; global_colors_info=&#8221;{}&#8221;][\/et_pb_button][\/et_pb_column][et_pb_column type=&#8221;1_2&#8243; _builder_version=&#8221;4.27.0&#8243; _module_preset=&#8221;default&#8221; global_colors_info=&#8221;{}&#8221;][et_pb_image src=&#8221;https:\/\/ncaade.se\/wp-content\/uploads\/2024\/09\/her-skap-lager.jpg&#8221; title_text=&#8221;her-skap-lager&#8221; _builder_version=&#8221;4.27.0&#8243; _module_preset=&#8221;default&#8221; global_colors_info=&#8221;{}&#8221;][\/et_pb_image][\/et_pb_column][\/et_pb_row][\/et_pb_section][et_pb_section fb_built=&#8221;1&#8243; _builder_version=&#8221;4.27.0&#8243; _module_preset=&#8221;default&#8221; background_color=&#8221;rgba(141,97,96,0.16)&#8221; global_colors_info=&#8221;{}&#8221;][et_pb_row column_structure=&#8221;1_2,1_2&#8243; _builder_version=&#8221;4.27.0&#8243; _module_preset=&#8221;default&#8221; global_colors_info=&#8221;{}&#8221;][et_pb_column type=&#8221;1_2&#8243; _builder_version=&#8221;4.27.0&#8243; _module_preset=&#8221;default&#8221; global_colors_info=&#8221;{}&#8221;][et_pb_text _builder_version=&#8221;4.27.4&#8243; _module_preset=&#8221;default&#8221; hover_enabled=&#8221;0&#8243; global_colors_info=&#8221;{}&#8221; sticky_enabled=&#8221;0&#8243;]<\/p>\n<h2>S\u00e4kerhet och sp\u00e5rning<\/h2>\n<p>F\u00f6r att f\u00f6rb\u00e4ttra s\u00e4kerheten och m\u00f6jligheterna till sp\u00e5rning kan sk\u00e5pen utrustas med toppmoderna GPS-sp\u00e5rs\u00e4ndare. Med \u00f6vervakning av sk\u00e5pens position i realtid kan du vara fullst\u00e4ndigt trygg med vetskapen om exakt var din utrustning befinner sig. GPS-modulen har en batteritid p\u00e5 5 \u00e5r! Du har fullst\u00e4ndig kontroll och sp\u00e5rbarhet \u00f6ver dina IT-tillg\u00e5ngar under hela transporten![\/et_pb_text][\/et_pb_column][et_pb_column type=&#8221;1_2&#8243; _builder_version=&#8221;4.27.0&#8243; _module_preset=&#8221;default&#8221; global_colors_info=&#8221;{}&#8221;][et_pb_image src=&#8221;https:\/\/ncaade.se\/wp-content\/uploads\/2024\/09\/grp-trb.png&#8221; title_text=&#8221;grp-trb&#8221; _builder_version=&#8221;4.27.0&#8243; _module_preset=&#8221;default&#8221; width=&#8221;50%&#8221; module_alignment=&#8221;left&#8221; global_colors_info=&#8221;{}&#8221;][\/et_pb_image][\/et_pb_column][\/et_pb_row][\/et_pb_section]<\/p>\n","protected":false},"excerpt":{"rendered":"<p>Skyddande och s\u00e4kra transportsk\u00e5p f\u00f6r IT-utrustning V\u00e5ra skr\u00e4ddarsydda sk\u00e5p f\u00f6r transport av IT-utrustning \u00e4r utformade f\u00f6r att erbjuda ultimat skydd och effektiv hantering f\u00f6r dina v\u00e4rdefulla teknikresurser. V\u00e5ra sk\u00e5p \u00e4r noggrant utformade med en vadderad interi\u00f6r och mjuk gummimatta som underlag p\u00e5 hyllor f\u00f6r att s\u00e4kerst\u00e4lla att din \u00f6mt\u00e5liga IT-utrustning \u00e4r skyddad.V\u00e5ra transportsk\u00e5p Vi \u00e4r [&hellip;]<\/p>\n","protected":false},"author":1,"featured_media":0,"parent":0,"menu_order":0,"comment_status":"closed","ping_status":"closed","template":"","meta":{"_et_pb_use_builder":"on","_et_pb_old_content":"<!-- wp:divi\/placeholder \/-->","_et_gb_content_width":"","footnotes":""},"class_list":["post-2871","page","type-page","status-publish","hentry"],"_links":{"self":[{"href":"https:\/\/ncaade.se\/en\/wp-json\/wp\/v2\/pages\/2871","targetHints":{"allow":["GET"]}}],"collection":[{"href":"https:\/\/ncaade.se\/en\/wp-json\/wp\/v2\/pages"}],"about":[{"href":"https:\/\/ncaade.se\/en\/wp-json\/wp\/v2\/types\/page"}],"author":[{"embeddable":true,"href":"https:\/\/ncaade.se\/en\/wp-json\/wp\/v2\/users\/1"}],"replies":[{"embeddable":true,"href":"https:\/\/ncaade.se\/en\/wp-json\/wp\/v2\/comments?post=2871"}],"version-history":[{"count":28,"href":"https:\/\/ncaade.se\/en\/wp-json\/wp\/v2\/pages\/2871\/revisions"}],"predecessor-version":[{"id":3327,"href":"https:\/\/ncaade.se\/en\/wp-json\/wp\/v2\/pages\/2871\/revisions\/3327"}],"wp:attachment":[{"href":"https:\/\/ncaade.se\/en\/wp-json\/wp\/v2\/media?parent=2871"}],"curies":[{"name":"wp","href":"https:\/\/api.w.org\/{rel}","templated":true}]}}