{"id":2477,"date":"2024-04-22T10:31:30","date_gmt":"2024-04-22T10:31:30","guid":{"rendered":"http:\/\/ncaade.se.loopiadns.com\/?page_id=2477"},"modified":"2024-12-02T08:05:45","modified_gmt":"2024-12-02T08:05:45","slug":"om-oss","status":"publish","type":"page","link":"https:\/\/ncaade.se\/en\/om-oss\/","title":{"rendered":"About us"},"content":{"rendered":"<p>[et_pb_section fb_built=&#8221;1&#8243; next_background_color=&#8221;#ffffff&#8221; _builder_version=&#8221;4.25.0&#8243; _module_preset=&#8221;default&#8221; background_color=&#8221;rgba(0,0,0,0.8)&#8221; background_enable_image=&#8221;off&#8221; background_blend=&#8221;darken&#8221; custom_padding=&#8221;114px||105px|||&#8221; bottom_divider_style=&#8221;arrow&#8221; bottom_divider_height=&#8221;20px&#8221; global_colors_info=&#8221;{}&#8221;][et_pb_row _builder_version=&#8221;4.24.3&#8243; _module_preset=&#8221;default&#8221; global_colors_info=&#8221;{}&#8221;][et_pb_column type=&#8221;4_4&#8243; _builder_version=&#8221;4.24.3&#8243; _module_preset=&#8221;default&#8221; global_colors_info=&#8221;{}&#8221;][et_pb_text _builder_version=&#8221;4.27.4&#8243; _module_preset=&#8221;default&#8221; text_text_color=&#8221;#FFFFFF&#8221; header_font=&#8221;|600|||||||&#8221; header_text_color=&#8221;#FFFFFF&#8221; header_font_size=&#8221;48px&#8221; global_colors_info=&#8221;{}&#8221;]<\/p>\n<h1>Om oss<\/h1>\n<p>NCAAD AB tillverkar skr\u00e4ddarsydda sk\u00e5p f\u00f6r transport av IT-utrustning. Utformade f\u00f6r att erbjuda ultimat skydd och effektiv hantering f\u00f6r dina v\u00e4rdefulla teknikresurser finns nu v\u00e5ra sk\u00e5p i en hel serie. Grundid\u00e9n med v\u00e5r verksamhet \u00e4r fokus p\u00e5 lastb\u00e4rare med fysiskt produktskydd och bekv\u00e4m hantering. V\u00e5ra sk\u00e5p \u00e4r noggrant utformade med en vadderad interi\u00f6r och mjuk gummimatta som underlag p\u00e5 hyllor f\u00f6r att s\u00e4kerst\u00e4lla att din \u00f6mt\u00e5liga IT-utrustning \u00e4r skyddad. Alla v\u00e5ra produkter har integrerade sp\u00e4nnband.<\/p>\n<p>[\/et_pb_text][\/et_pb_column][\/et_pb_row][\/et_pb_section][et_pb_section fb_built=&#8221;1&#8243; _builder_version=&#8221;4.25.0&#8243; _module_preset=&#8221;default&#8221; global_colors_info=&#8221;{}&#8221;][et_pb_row _builder_version=&#8221;4.27.4&#8243; _module_preset=&#8221;default&#8221; global_colors_info=&#8221;{}&#8221;][et_pb_column type=&#8221;4_4&#8243; _builder_version=&#8221;4.27.4&#8243; _module_preset=&#8221;default&#8221; global_colors_info=&#8221;{}&#8221;][et_pb_text _builder_version=&#8221;4.27.4&#8243; _module_preset=&#8221;default&#8221; hover_enabled=&#8221;0&#8243; global_colors_info=&#8221;{}&#8221; sticky_enabled=&#8221;0&#8243;]<\/p>\n<p><a href=\"\/kontakt\/\">Kontakta oss idag<\/a> f\u00f6r att diskutera dina behov och hur v\u00e5ra transportsk\u00e5p kan revolutionera din IT-logistik. L\u00e5t oss bli din partner och skapa en skr\u00e4ddarsydd l\u00f6sning som garanterar maximalt skydd och effektivitet f\u00f6r dina v\u00e4rdefulla IT-tillg\u00e5ngar.<\/p>\n<p>[\/et_pb_text][\/et_pb_column][\/et_pb_row][\/et_pb_section]<\/p>\n","protected":false},"excerpt":{"rendered":"<p>Om oss NCAAD AB tillverkar skr\u00e4ddarsydda sk\u00e5p f\u00f6r transport av IT-utrustning. Utformade f\u00f6r att erbjuda ultimat skydd och effektiv hantering f\u00f6r dina v\u00e4rdefulla teknikresurser finns nu v\u00e5ra sk\u00e5p i en hel serie. Grundid\u00e9n med v\u00e5r verksamhet \u00e4r fokus p\u00e5 lastb\u00e4rare med fysiskt produktskydd och bekv\u00e4m hantering. V\u00e5ra sk\u00e5p \u00e4r noggrant utformade med en vadderad interi\u00f6r [&hellip;]<\/p>\n","protected":false},"author":1,"featured_media":0,"parent":0,"menu_order":0,"comment_status":"closed","ping_status":"closed","template":"","meta":{"_et_pb_use_builder":"on","_et_pb_old_content":"","_et_gb_content_width":"","footnotes":""},"class_list":["post-2477","page","type-page","status-publish","hentry"],"_links":{"self":[{"href":"https:\/\/ncaade.se\/en\/wp-json\/wp\/v2\/pages\/2477","targetHints":{"allow":["GET"]}}],"collection":[{"href":"https:\/\/ncaade.se\/en\/wp-json\/wp\/v2\/pages"}],"about":[{"href":"https:\/\/ncaade.se\/en\/wp-json\/wp\/v2\/types\/page"}],"author":[{"embeddable":true,"href":"https:\/\/ncaade.se\/en\/wp-json\/wp\/v2\/users\/1"}],"replies":[{"embeddable":true,"href":"https:\/\/ncaade.se\/en\/wp-json\/wp\/v2\/comments?post=2477"}],"version-history":[{"count":14,"href":"https:\/\/ncaade.se\/en\/wp-json\/wp\/v2\/pages\/2477\/revisions"}],"predecessor-version":[{"id":3292,"href":"https:\/\/ncaade.se\/en\/wp-json\/wp\/v2\/pages\/2477\/revisions\/3292"}],"wp:attachment":[{"href":"https:\/\/ncaade.se\/en\/wp-json\/wp\/v2\/media?parent=2477"}],"curies":[{"name":"wp","href":"https:\/\/api.w.org\/{rel}","templated":true}]}}